{"id":3,"date":"2022-05-05T11:49:32","date_gmt":"2022-05-05T09:49:32","guid":{"rendered":"https:\/\/www.bs-t.it\/?page_id=3"},"modified":"2023-11-13T10:01:51","modified_gmt":"2023-11-13T09:01:51","slug":"privacy-policy","status":"publish","type":"page","link":"https:\/\/www.bs-t.it\/?page_id=3","title":{"rendered":"Privacy Policy"},"content":{"rendered":"<style id=\"kb-rowlayout_a45ead-97\">#kt-layout-id_a45ead-97 > .kt-row-column-wrap{padding-left:50px;padding-right:50px;}<\/style>\n<div class=\"wp-block-kadence-rowlayout alignnone\"><div id=\"kt-layout-id_a45ead-97\" class=\"kt-row-layout-inner kt-layout-id_a45ead-97\"><div class=\"kt-row-column-wrap kt-has-1-columns kt-gutter-default kt-v-gutter-default kt-row-valign-top kt-row-layout-equal kt-tab-layout-inherit kt-m-colapse-left-to-right kt-mobile-layout-row\">\n<div class=\"wp-block-kadence-column inner-column-1 kadence-column_7a4530-cc\"><div class=\"kt-inside-inner-col\">\n<p>INFORMAZIONI SUL TRATTAMENTO DEI DATI PERSONALI <strong>ai sensi dell&#8217;articolo 13 del Regolamento (UE) 2016\/679<\/strong><\/p>\n\n\n\n<p><strong>PERCH\u00c9 QUESTE INFORMAZIONI<\/strong><\/p>\n\n\n\n<p>Ai sensi&nbsp; del Regolamento (UE) 2016\/679 (di seguito &#8220;Regolamento&#8221;), questa pagina descrive le modalit\u00e0 di trattamento dei dati personali degli utenti che consultano il sito web accessibile per via telematica all&#8217;indirizzo www.bs-t.it<\/p>\n\n\n\n<p>Le presenti informazioni non riguardano altri siti, pagine o servizi online raggiungibili tramite link ipertestuali eventualmente pubblicati nel sito ma riferiti a risorse esterne al dominio bs-t.it<\/p>\n\n\n\n<p><strong>TITOLARE DEL TRATTAMENTO<\/strong><\/p>\n\n\n\n<p>A seguito della consultazione del sito www.bs-t.it possono essere trattati dati relativi a persone fisiche identificate o identificabili.<\/p>\n\n\n\n<p>Titolare del trattamento \u00e8 BS Technology S.r.l., con sede in Via Piave 13, 15076, Ovada &#8211; AL (Email: info@bs-t.it, PEC: bstechnology@pec.it, tel. +39 0143.841724).<\/p>\n\n\n\n<p><strong>RESPONSABILE DELLA PROTEZIONE DEI DATI<\/strong><\/p>\n\n\n\n<p>Il Responsabile della Protezione dei Dati (RPD) \u00e8 raggiungibile al seguente indirizzo: BS Technology S.r.l. &#8211; stabilimento di Tagliolo Monferrato &#8211; Loc. Bessiche 67 \/ C 15070 Tagliolo Monferrato (AL), (Email: info@bs-t.it, PEC: bstechnology@pec.it, tel. +39 0143.841724).<\/p>\n\n\n\n<p><strong>BASE GIURIDICA DEL TRATTAMENTO<\/strong><\/p>\n\n\n\n<p>Il Titolare tratta Dati Personali relativi all\u2019Utente in caso sussista una delle seguenti condizioni:<\/p>\n\n\n\n<ul class=\"wp-block-list\">\n<li>l\u2019Utente ha prestato il consenso per una o pi\u00f9 finalit\u00e0 specifiche; Nota: in alcuni ordinamenti il Titolare pu\u00f2 essere autorizzato a trattare Dati Personali senza che debba sussistere il consenso dell\u2019Utente o un\u2019altra delle basi giuridiche specificate di seguito, fino a quando l\u2019Utente non si opponga (\u201copt-out\u201d) a tale trattamento. Ci\u00f2 non \u00e8 tuttavia applicabile qualora il trattamento di Dati Personali sia regolato dalla legislazione europea in materia di protezione dei Dati Personali;<\/li>\n\n\n\n<li>il trattamento \u00e8 necessario all&#8217;esecuzione di un contratto con l\u2019Utente e\/o all&#8217;esecuzione di misure precontrattuali;<\/li>\n\n\n\n<li>il trattamento \u00e8 necessario per adempiere un obbligo legale al quale \u00e8 soggetto il Titolare;<\/li>\n\n\n\n<li>il trattamento \u00e8 necessario per l&#8217;esecuzione di un compito di interesse pubblico o per l&#8217;esercizio di pubblici poteri di cui \u00e8 investito il Titolare;<\/li>\n\n\n\n<li>il trattamento \u00e8 necessario per il perseguimento del legittimo interesse del Titolare o di terzi.<\/li>\n<\/ul>\n\n\n\n<p>\u00c8 comunque sempre possibile richiedere al Titolare di chiarire la concreta base giuridica di ciascun trattamento ed in particolare di specificare se il trattamento sia basato sulla legge, previsto da un contratto o necessario per concludere un contratto.<\/p>\n\n\n\n<p><strong>MODALIT\u00c0 DEL TRATTAMENTO<\/strong><\/p>\n\n\n\n<p>Il Titolare adotta le opportune misure di sicurezza volte ad impedire l\u2019accesso, la divulgazione, la modifica o la distruzione non autorizzate dei Dati Personali.<br>Il trattamento viene effettuato mediante strumenti informatici e\/o telematici, con modalit\u00e0 organizzative e con logiche strettamente correlate alle finalit\u00e0 indicate. <\/p>\n\n\n\n<p><strong>LUOGO<\/strong><\/p>\n\n\n\n<p>I Dati sono trattati presso le sedi operative del Titolare ed in ogni altro luogo in cui le parti coinvolte nel trattamento siano localizzate. Per ulteriori informazioni, contatta il Titolare.<\/p>\n\n\n\n<p><strong>TIPI DI DATI TRATTATI E FINALIT\u00c0 DEL TRATTAMENTO<\/strong><\/p>\n\n\n\n<p><em>Dati comunicati dall&#8217;utente<\/em><\/p>\n\n\n\n<p>L&#8217;invio facoltativo, esplicito e volontario di messaggi agli indirizzi di contatto del sito comportano l&#8217;acquisizione dei dati di contatto del mittente, necessari a rispondere, nonch\u00e9 di tutti i dati personali inclusi nelle comunicazioni.<\/p>\n\n\n\n<p><em>Dati di navigazione&nbsp;&nbsp;&nbsp;<\/em><\/p>\n\n\n\n<p>I sistemi informatici e le procedure software preposte al funzionamento di questo sito acquisiscono, nel corso del loro normale esercizio, alcuni dati personali la cui trasmissione \u00e8 implicita nell&#8217;uso dei protocolli di comunicazione di Internet.<\/p>\n\n\n\n<p>In questa categoria di dati rientrano gli indirizzi IP o i nomi a dominio dei computer e dei terminali utilizzati dagli utenti, gli indirizzi in notazione URI\/URL (Uniform Resource Identifier\/Locator) delle risorse richieste, l&#8217;orario della richiesta, il metodo utilizzato nel sottoporre la richiesta al server, la dimensione del file ottenuto in risposta, il codice numerico indicante lo stato della risposta data dal server (buon fine, errore, ecc.) ed altri parametri relativi al sistema operativo e all&#8217;ambiente informatico dell&#8217;utente.<\/p>\n\n\n\n<p><em>Cookie e altri sistemi di tracciamento<\/em><\/p>\n\n\n\n<p>Non viene fatto uso di cookie per la profilazione degli utenti.<\/p>\n\n\n\n<p>Viene fatto uso di cookie tecnici e di sessione, in modo strettamente limitato a quanto necessario per la navigazione sicura ed efficiente del sito.<\/p>\n\n\n\n<p>Per i dettagli fare riferimento alla pagina <a href=\"https:\/\/www.bs-t.it\/cookie-policy-ue\/\" data-type=\"page\" data-id=\"654\">cookie policy<\/a>.<\/p>\n\n\n\n<p><strong>PERIODO DI CONSERVAZIONE<\/strong><\/p>\n\n\n\n<p>I Dati sono trattati e conservati per il tempo richiesto dalle finalit\u00e0 per le quali sono stati raccolti.<\/p>\n\n\n\n<p>Pertanto:<\/p>\n\n\n\n<ul class=\"wp-block-list\">\n<li>I Dati Personali raccolti per scopi collegati all\u2019esecuzione di un contratto tra il Titolare e l\u2019Utente saranno trattenuti sino a quando sia completata l\u2019esecuzione di tale contratto.<\/li>\n\n\n\n<li>I Dati Personali raccolti per finalit\u00e0 riconducibili all\u2019interesse legittimo del Titolare saranno trattenuti sino al soddisfacimento di tale interesse. L\u2019Utente pu\u00f2 ottenere ulteriori informazioni in merito all\u2019interesse legittimo perseguito dal Titolare nelle relative sezioni di questo documento o contattando il Titolare.<\/li>\n<\/ul>\n\n\n\n<p>Quando il trattamento \u00e8 basato sul consenso dell\u2019Utente, il Titolare pu\u00f2 conservare i Dati Personali pi\u00f9 a lungo sino a quando detto consenso non venga revocato. Inoltre, il Titolare potrebbe essere obbligato a conservare i Dati Personali per un periodo pi\u00f9 lungo in ottemperanza ad un obbligo di legge o per ordine di un\u2019autorit\u00e0.<br><br>Al termine del periodo di conservazione i Dati Personali saranno cancellati. Pertanto, allo spirare di tale termine il diritto di accesso, cancellazione, rettificazione ed il diritto alla portabilit\u00e0 dei Dati non potranno pi\u00f9 essere esercitati.<\/p>\n\n\n\n<p><strong>DESTINATARI DEI DATI<\/strong><\/p>\n\n\n\n<p>Oltre al Titolare, in alcuni casi, potrebbero avere accesso ai Dati altri soggetti coinvolti nell\u2019organizzazione di questa Applicazione (personale amministrativo, commerciale, marketing, legali, amministratori di sistema) ovvero soggetti esterni (come fornitori di servizi tecnici terzi, corrieri postali, hosting provider, societ\u00e0 informatiche, agenzie di comunicazione) nominati anche, se necessario, Responsabili del Trattamento da parte del Titolare. L\u2019elenco aggiornato dei Responsabili potr\u00e0 sempre essere richiesto al Titolare del Trattamento.<\/p>\n\n\n\n<p><strong>DIRITTI DEGLI INTERESSATI<\/strong><\/p>\n\n\n\n<p>Gli Utenti possono esercitare determinati diritti con riferimento ai Dati trattati dal Titolare.<\/p>\n\n\n\n<p>In particolare, l\u2019Utente ha il diritto di:<\/p>\n\n\n\n<ul class=\"wp-block-list\">\n<li><strong>revocare il consenso in ogni momento.<\/strong> L\u2019Utente pu\u00f2 revocare il consenso al trattamento dei propri Dati Personali precedentemente espresso.<\/li>\n\n\n\n<li><strong>opporsi al trattamento dei propri Dati.<\/strong> L\u2019Utente pu\u00f2 opporsi al trattamento dei propri Dati quando esso avviene su una base giuridica diversa dal consenso. Ulteriori dettagli sul diritto di opposizione sono indicati nella sezione sottostante.<\/li>\n\n\n\n<li><strong>accedere ai propri Dati.<\/strong> L\u2019Utente ha diritto ad ottenere informazioni sui Dati trattati dal Titolare, su determinati aspetti del trattamento ed a ricevere una copia dei Dati trattati.<\/li>\n\n\n\n<li><strong>verificare e chiedere la rettificazione.<\/strong> L\u2019Utente pu\u00f2 verificare la correttezza dei propri Dati e richiederne l\u2019aggiornamento o la correzione.<\/li>\n\n\n\n<li><strong>ottenere la limitazione del trattamento.<\/strong> Quando ricorrono determinate condizioni, l\u2019Utente pu\u00f2 richiedere la limitazione del trattamento dei propri Dati. In tal caso il Titolare non tratter\u00e0 i Dati per alcun altro scopo se non la loro conservazione.<\/li>\n\n\n\n<li><strong>ottenere la cancellazione o rimozione dei propri Dati Personali.<\/strong> Quando ricorrono determinate condizioni, l\u2019Utente pu\u00f2 richiedere la cancellazione dei propri Dati da parte del Titolare.<\/li>\n\n\n\n<li><strong>ricevere i propri Dati o farli trasferire ad altro titolare.<\/strong> L\u2019Utente ha diritto di ricevere i propri Dati in formato strutturato, di uso comune e leggibile da dispositivo automatico e, ove tecnicamente fattibile, di ottenerne il trasferimento senza ostacoli ad un altro titolare. Questa disposizione \u00e8 applicabile quando i Dati sono trattati con strumenti automatizzati ed il trattamento \u00e8 basato sul consenso dell\u2019Utente, su un contratto di cui l\u2019Utente \u00e8 parte o su misure contrattuali ad esso connesse.<\/li>\n\n\n\n<li><strong>proporre reclamo.<\/strong> L\u2019Utente pu\u00f2 proporre un reclamo all\u2019autorit\u00e0 di controllo della protezione dei dati personali competente o agire in sede giudiziale.<\/li>\n<\/ul>\n\n\n\n<p><\/p>\n<\/div><\/div>\n<\/div><\/div><\/div>\n","protected":false},"excerpt":{"rendered":"<p>INFORMAZIONI SUL TRATTAMENTO DEI DATI PERSONALI ai sensi dell&#8217;articolo 13 del Regolamento (UE) 2016\/679 PERCH\u00c9 QUESTE INFORMAZIONI Ai sensi&nbsp; del Regolamento (UE) 2016\/679 (di seguito &#8220;Regolamento&#8221;), questa pagina descrive le modalit\u00e0 di trattamento dei dati personali degli utenti che consultano il sito web accessibile per via telematica all&#8217;indirizzo www.bs-t.it Le presenti informazioni non riguardano altri&#8230;<\/p>\n","protected":false},"author":1,"featured_media":0,"parent":0,"menu_order":0,"comment_status":"closed","ping_status":"closed","template":"","meta":{"_kad_post_transparent":"","_kad_post_title":"","_kad_post_layout":"","_kad_post_sidebar_id":"","_kad_post_content_style":"","_kad_post_vertical_padding":"","_kad_post_feature":"","_kad_post_feature_position":"","_kad_post_header":false,"_kad_post_footer":false,"footnotes":""},"class_list":["post-3","page","type-page","status-publish","hentry"],"_links":{"self":[{"href":"https:\/\/www.bs-t.it\/index.php?rest_route=\/wp\/v2\/pages\/3","targetHints":{"allow":["GET"]}}],"collection":[{"href":"https:\/\/www.bs-t.it\/index.php?rest_route=\/wp\/v2\/pages"}],"about":[{"href":"https:\/\/www.bs-t.it\/index.php?rest_route=\/wp\/v2\/types\/page"}],"author":[{"embeddable":true,"href":"https:\/\/www.bs-t.it\/index.php?rest_route=\/wp\/v2\/users\/1"}],"replies":[{"embeddable":true,"href":"https:\/\/www.bs-t.it\/index.php?rest_route=%2Fwp%2Fv2%2Fcomments&post=3"}],"version-history":[{"count":14,"href":"https:\/\/www.bs-t.it\/index.php?rest_route=\/wp\/v2\/pages\/3\/revisions"}],"predecessor-version":[{"id":850,"href":"https:\/\/www.bs-t.it\/index.php?rest_route=\/wp\/v2\/pages\/3\/revisions\/850"}],"wp:attachment":[{"href":"https:\/\/www.bs-t.it\/index.php?rest_route=%2Fwp%2Fv2%2Fmedia&parent=3"}],"curies":[{"name":"wp","href":"https:\/\/api.w.org\/{rel}","templated":true}]}}